{"id":1363,"date":"2023-11-08T00:19:28","date_gmt":"2023-11-08T04:19:28","guid":{"rendered":"https:\/\/editora.uea.edu.br\/?post_type=product&#038;p=1363"},"modified":"2025-07-23T17:20:45","modified_gmt":"2025-07-23T21:20:45","slug":"leitura-e-escrita-musical-em-perspectivas","status":"publish","type":"product","link":"https:\/\/editora.uea.edu.br\/?product=leitura-e-escrita-musical-em-perspectivas","title":{"rendered":"Leitura e escrita musical em perspectiva(s)"},"content":{"rendered":"<p>A obra \u00e9 uma colet\u00e2nea de textos produzidos por pesquisadores e professores de diferentes universidades brasileiras abordando o modo como a leitura e a escrita musical surgem sob perspectivas diversas a partir do olhar de diferentes \u00e1reas de estudo: a iconografia, a hist\u00f3ria, a an\u00e1lise, a cogni\u00e7\u00e3o e a educa\u00e7\u00e3o musical.<\/p>\n<p>&nbsp;<\/p>\n<p><strong>Como citar<\/strong>:<\/p>\n<p>CAREGNATO, C. (org.). <em>Leitura e escrita musical em perspectiva(s)<\/em>. Manaus: Editora UEA, 2021.<\/p>\n<p>&nbsp;<\/p>\n<p><strong>Dispon\u00edvel em<\/strong>:<\/p>\n<p><a href=\"https:\/\/ri.uea.edu.br\/handle\/riuea\/5699\">https:\/\/ri.uea.edu.br\/handle\/riuea\/5699<\/a><\/p>\n<p>&nbsp;<\/p>\n<p>&nbsp;<\/p>\n","protected":false},"excerpt":{"rendered":"<p>A obra \u00e9 uma colet\u00e2nea de textos produzidos por pesquisadores e professores de diferentes universidades brasileiras abordando o modo como a leitura e a escrita musical surgem sob perspectivas diversas a partir do olhar de diferentes \u00e1reas de estudo: a iconografia, a hist\u00f3ria, a an\u00e1lise, a cogni\u00e7\u00e3o e a educa\u00e7\u00e3o musical. &nbsp; Como citar: CAREGNATO, [&hellip;]<\/p>\n","protected":false},"featured_media":1364,"comment_status":"open","ping_status":"closed","template":"","meta":{"om_disable_all_campaigns":false,"_uag_custom_page_level_css":"","_monsterinsights_skip_tracking":false,"_monsterinsights_sitenote_active":false,"_monsterinsights_sitenote_note":"","_monsterinsights_sitenote_category":0,"site-sidebar-layout":"default","site-content-layout":"","ast-site-content-layout":"default","site-content-style":"default","site-sidebar-style":"default","ast-global-header-display":"","ast-banner-title-visibility":"","ast-main-header-display":"","ast-hfb-above-header-display":"","ast-hfb-below-header-display":"","ast-hfb-mobile-header-display":"","site-post-title":"","ast-breadcrumbs-content":"","ast-featured-img":"","footer-sml-layout":"","theme-transparent-header-meta":"default","adv-header-id-meta":"","stick-header-meta":"","header-above-stick-meta":"","header-main-stick-meta":"","header-below-stick-meta":"","astra-migrate-meta-layouts":"set","ast-page-background-enabled":"default","ast-page-background-meta":{"desktop":{"background-color":"var(--ast-global-color-4)","background-image":"","background-repeat":"repeat","background-position":"center center","background-size":"auto","background-attachment":"scroll","background-type":"","background-media":"","overlay-type":"","overlay-color":"","overlay-gradient":""},"tablet":{"background-color":"","background-image":"","background-repeat":"repeat","background-position":"center center","background-size":"auto","background-attachment":"scroll","background-type":"","background-media":"","overlay-type":"","overlay-color":"","overlay-gradient":""},"mobile":{"background-color":"","background-image":"","background-repeat":"repeat","background-position":"center center","background-size":"auto","background-attachment":"scroll","background-type":"","background-media":"","overlay-type":"","overlay-color":"","overlay-gradient":""}},"ast-content-background-meta":{"desktop":{"background-color":"var(--ast-global-color-5)","background-image":"","background-repeat":"repeat","background-position":"center center","background-size":"auto","background-attachment":"scroll","background-type":"","background-media":"","overlay-type":"","overlay-color":"","overlay-gradient":""},"tablet":{"background-color":"var(--ast-global-color-5)","background-image":"","background-repeat":"repeat","background-position":"center center","background-size":"auto","background-attachment":"scroll","background-type":"","background-media":"","overlay-type":"","overlay-color":"","overlay-gradient":""},"mobile":{"background-color":"var(--ast-global-color-5)","background-image":"","background-repeat":"repeat","background-position":"center center","background-size":"auto","background-attachment":"scroll","background-type":"","background-media":"","overlay-type":"","overlay-color":"","overlay-gradient":""}},"_themeisle_gutenberg_block_has_review":false},"product_cat":[105],"product_tag":[279],"aioseo_notices":[],"uagb_featured_image_src":{"full":["https:\/\/editora.uea.edu.br\/wp-content\/uploads\/2024\/02\/leitura-e-escrita-musical-em-perspectivas-scaled.jpg",2103,2560,false],"thumbnail":["https:\/\/editora.uea.edu.br\/wp-content\/uploads\/2024\/02\/leitura-e-escrita-musical-em-perspectivas-150x150.jpg",150,150,true],"medium":["https:\/\/editora.uea.edu.br\/wp-content\/uploads\/2024\/02\/leitura-e-escrita-musical-em-perspectivas-246x300.jpg",246,300,true],"medium_large":["https:\/\/editora.uea.edu.br\/wp-content\/uploads\/2024\/02\/leitura-e-escrita-musical-em-perspectivas-768x935.jpg",768,935,true],"large":["https:\/\/editora.uea.edu.br\/wp-content\/uploads\/2024\/02\/leitura-e-escrita-musical-em-perspectivas-657x800.jpg",657,800,true],"1536x1536":["https:\/\/editora.uea.edu.br\/wp-content\/uploads\/2024\/02\/leitura-e-escrita-musical-em-perspectivas-1262x1536.jpg",1262,1536,true],"2048x2048":["https:\/\/editora.uea.edu.br\/wp-content\/uploads\/2024\/02\/leitura-e-escrita-musical-em-perspectivas-1682x2048.jpg",1682,2048,true],"codesigner-thumb":["https:\/\/editora.uea.edu.br\/wp-content\/uploads\/2024\/02\/leitura-e-escrita-musical-em-perspectivas-400x400.jpg",400,400,true],"woocommerce_thumbnail":["https:\/\/editora.uea.edu.br\/wp-content\/uploads\/2024\/02\/leitura-e-escrita-musical-em-perspectivas-200x296.jpg",200,296,true],"woocommerce_single":["https:\/\/editora.uea.edu.br\/wp-content\/uploads\/2024\/02\/leitura-e-escrita-musical-em-perspectivas-200x243.jpg",200,243,true],"woocommerce_gallery_thumbnail":["https:\/\/editora.uea.edu.br\/wp-content\/uploads\/2024\/02\/leitura-e-escrita-musical-em-perspectivas-100x100.jpg",100,100,true]},"uagb_author_info":{"display_name":"editora","author_link":"https:\/\/editora.uea.edu.br\/?author=0"},"uagb_comment_info":0,"uagb_excerpt":"A obra \u00e9 uma colet\u00e2nea de textos produzidos por pesquisadores e professores de diferentes universidades brasileiras abordando o modo como a leitura e a escrita musical surgem sob perspectivas diversas a partir do olhar de diferentes \u00e1reas de estudo: a iconografia, a hist\u00f3ria, a an\u00e1lise, a cogni\u00e7\u00e3o e a educa\u00e7\u00e3o musical. &nbsp; Como citar: CAREGNATO,&hellip;","_links":{"self":[{"href":"https:\/\/editora.uea.edu.br\/index.php?rest_route=\/wp\/v2\/product\/1363"}],"collection":[{"href":"https:\/\/editora.uea.edu.br\/index.php?rest_route=\/wp\/v2\/product"}],"about":[{"href":"https:\/\/editora.uea.edu.br\/index.php?rest_route=\/wp\/v2\/types\/product"}],"replies":[{"embeddable":true,"href":"https:\/\/editora.uea.edu.br\/index.php?rest_route=%2Fwp%2Fv2%2Fcomments&post=1363"}],"wp:featuredmedia":[{"embeddable":true,"href":"https:\/\/editora.uea.edu.br\/index.php?rest_route=\/wp\/v2\/media\/1364"}],"wp:attachment":[{"href":"https:\/\/editora.uea.edu.br\/index.php?rest_route=%2Fwp%2Fv2%2Fmedia&parent=1363"}],"wp:term":[{"taxonomy":"product_cat","embeddable":true,"href":"https:\/\/editora.uea.edu.br\/index.php?rest_route=%2Fwp%2Fv2%2Fproduct_cat&post=1363"},{"taxonomy":"product_tag","embeddable":true,"href":"https:\/\/editora.uea.edu.br\/index.php?rest_route=%2Fwp%2Fv2%2Fproduct_tag&post=1363"}],"curies":[{"name":"wp","href":"https:\/\/api.w.org\/{rel}","templated":true}]}}