{"id":1361,"date":"2023-11-08T00:12:05","date_gmt":"2023-11-08T04:12:05","guid":{"rendered":"https:\/\/editora.uea.edu.br\/?post_type=product&#038;p=1361"},"modified":"2025-07-23T14:38:21","modified_gmt":"2025-07-23T18:38:21","slug":"ensino-de-matematica-por-meio-de-praticas-computacionais-e-ludicas","status":"publish","type":"product","link":"https:\/\/editora.uea.edu.br\/?product=ensino-de-matematica-por-meio-de-praticas-computacionais-e-ludicas","title":{"rendered":"Ensino de matem\u00e1tica por meio de pr\u00e1ticas computacionais e l\u00fadicas"},"content":{"rendered":"<p>O livro explicita a realidade do baixo desempenho dos alunos na disciplina de matem\u00e1tica e a necessidade de novas atividades para o aprendizado. Atrav\u00e9s de um conjunto de aplica\u00e7\u00f5es para o ensino, a obra dedica-se \u00e0 qualifica\u00e7\u00e3o do professor e \u00e0s pr\u00e1ticas que podem ser replicadas para os mais diversos temas da matem\u00e1tica na educa\u00e7\u00e3o b\u00e1sica.<\/p>\n<p>&nbsp;<\/p>\n<p><strong>Como citar<\/strong>:<\/p>\n<p>ALVES, N. F.; LIMA, G. S. (orgs.). <em>Ensino de matem\u00e1tica por meio de pr\u00e1ticas computacionais e l\u00fadicas<\/em>. Manaus: Editora UEA, 2021.<\/p>\n<p>&nbsp;<\/p>\n<p><strong>Dispon\u00edvel em<\/strong>:<\/p>\n<p><a href=\"https:\/\/ri.uea.edu.br\/handle\/riuea\/2562\">https:\/\/ri.uea.edu.br\/handle\/riuea\/2562<\/a><\/p>\n<p>&nbsp;<\/p>\n","protected":false},"excerpt":{"rendered":"<p>O livro explicita a realidade do baixo desempenho dos alunos na disciplina de matem\u00e1tica e a necessidade de novas atividades para o aprendizado. Atrav\u00e9s de um conjunto de aplica\u00e7\u00f5es para o ensino, a obra dedica-se \u00e0 qualifica\u00e7\u00e3o do professor e \u00e0s pr\u00e1ticas que podem ser replicadas para os mais diversos temas da matem\u00e1tica na educa\u00e7\u00e3o [&hellip;]<\/p>\n","protected":false},"featured_media":1362,"comment_status":"open","ping_status":"closed","template":"","meta":{"om_disable_all_campaigns":false,"_uag_custom_page_level_css":"","_monsterinsights_skip_tracking":false,"_monsterinsights_sitenote_active":false,"_monsterinsights_sitenote_note":"","_monsterinsights_sitenote_category":0,"site-sidebar-layout":"default","site-content-layout":"","ast-site-content-layout":"default","site-content-style":"default","site-sidebar-style":"default","ast-global-header-display":"","ast-banner-title-visibility":"","ast-main-header-display":"","ast-hfb-above-header-display":"","ast-hfb-below-header-display":"","ast-hfb-mobile-header-display":"","site-post-title":"","ast-breadcrumbs-content":"","ast-featured-img":"","footer-sml-layout":"","theme-transparent-header-meta":"default","adv-header-id-meta":"","stick-header-meta":"","header-above-stick-meta":"","header-main-stick-meta":"","header-below-stick-meta":"","astra-migrate-meta-layouts":"set","ast-page-background-enabled":"default","ast-page-background-meta":{"desktop":{"background-color":"var(--ast-global-color-4)","background-image":"","background-repeat":"repeat","background-position":"center center","background-size":"auto","background-attachment":"scroll","background-type":"","background-media":"","overlay-type":"","overlay-color":"","overlay-gradient":""},"tablet":{"background-color":"","background-image":"","background-repeat":"repeat","background-position":"center center","background-size":"auto","background-attachment":"scroll","background-type":"","background-media":"","overlay-type":"","overlay-color":"","overlay-gradient":""},"mobile":{"background-color":"","background-image":"","background-repeat":"repeat","background-position":"center center","background-size":"auto","background-attachment":"scroll","background-type":"","background-media":"","overlay-type":"","overlay-color":"","overlay-gradient":""}},"ast-content-background-meta":{"desktop":{"background-color":"var(--ast-global-color-5)","background-image":"","background-repeat":"repeat","background-position":"center center","background-size":"auto","background-attachment":"scroll","background-type":"","background-media":"","overlay-type":"","overlay-color":"","overlay-gradient":""},"tablet":{"background-color":"var(--ast-global-color-5)","background-image":"","background-repeat":"repeat","background-position":"center center","background-size":"auto","background-attachment":"scroll","background-type":"","background-media":"","overlay-type":"","overlay-color":"","overlay-gradient":""},"mobile":{"background-color":"var(--ast-global-color-5)","background-image":"","background-repeat":"repeat","background-position":"center center","background-size":"auto","background-attachment":"scroll","background-type":"","background-media":"","overlay-type":"","overlay-color":"","overlay-gradient":""}},"_themeisle_gutenberg_block_has_review":false},"product_cat":[433,229,73],"product_tag":[379,378],"aioseo_notices":[],"uagb_featured_image_src":{"full":["https:\/\/editora.uea.edu.br\/wp-content\/uploads\/2024\/02\/capa-Ensino-de-matematica-por-meio-de-praticas-computacionais-e-ludicas.jpg",425,618,false],"thumbnail":["https:\/\/editora.uea.edu.br\/wp-content\/uploads\/2024\/02\/capa-Ensino-de-matematica-por-meio-de-praticas-computacionais-e-ludicas-150x150.jpg",150,150,true],"medium":["https:\/\/editora.uea.edu.br\/wp-content\/uploads\/2024\/02\/capa-Ensino-de-matematica-por-meio-de-praticas-computacionais-e-ludicas-206x300.jpg",206,300,true],"medium_large":["https:\/\/editora.uea.edu.br\/wp-content\/uploads\/2024\/02\/capa-Ensino-de-matematica-por-meio-de-praticas-computacionais-e-ludicas.jpg",425,618,false],"large":["https:\/\/editora.uea.edu.br\/wp-content\/uploads\/2024\/02\/capa-Ensino-de-matematica-por-meio-de-praticas-computacionais-e-ludicas.jpg",425,618,false],"1536x1536":["https:\/\/editora.uea.edu.br\/wp-content\/uploads\/2024\/02\/capa-Ensino-de-matematica-por-meio-de-praticas-computacionais-e-ludicas.jpg",425,618,false],"2048x2048":["https:\/\/editora.uea.edu.br\/wp-content\/uploads\/2024\/02\/capa-Ensino-de-matematica-por-meio-de-praticas-computacionais-e-ludicas.jpg",425,618,false],"codesigner-thumb":["https:\/\/editora.uea.edu.br\/wp-content\/uploads\/2024\/02\/capa-Ensino-de-matematica-por-meio-de-praticas-computacionais-e-ludicas-400x400.jpg",400,400,true],"woocommerce_thumbnail":["https:\/\/editora.uea.edu.br\/wp-content\/uploads\/2024\/02\/capa-Ensino-de-matematica-por-meio-de-praticas-computacionais-e-ludicas-200x296.jpg",200,296,true],"woocommerce_single":["https:\/\/editora.uea.edu.br\/wp-content\/uploads\/2024\/02\/capa-Ensino-de-matematica-por-meio-de-praticas-computacionais-e-ludicas-200x291.jpg",200,291,true],"woocommerce_gallery_thumbnail":["https:\/\/editora.uea.edu.br\/wp-content\/uploads\/2024\/02\/capa-Ensino-de-matematica-por-meio-de-praticas-computacionais-e-ludicas-100x100.jpg",100,100,true]},"uagb_author_info":{"display_name":"editora","author_link":"https:\/\/editora.uea.edu.br\/?author=0"},"uagb_comment_info":0,"uagb_excerpt":"O livro explicita a realidade do baixo desempenho dos alunos na disciplina de matem\u00e1tica e a necessidade de novas atividades para o aprendizado. Atrav\u00e9s de um conjunto de aplica\u00e7\u00f5es para o ensino, a obra dedica-se \u00e0 qualifica\u00e7\u00e3o do professor e \u00e0s pr\u00e1ticas que podem ser replicadas para os mais diversos temas da matem\u00e1tica na educa\u00e7\u00e3o&hellip;","_links":{"self":[{"href":"https:\/\/editora.uea.edu.br\/index.php?rest_route=\/wp\/v2\/product\/1361"}],"collection":[{"href":"https:\/\/editora.uea.edu.br\/index.php?rest_route=\/wp\/v2\/product"}],"about":[{"href":"https:\/\/editora.uea.edu.br\/index.php?rest_route=\/wp\/v2\/types\/product"}],"replies":[{"embeddable":true,"href":"https:\/\/editora.uea.edu.br\/index.php?rest_route=%2Fwp%2Fv2%2Fcomments&post=1361"}],"wp:featuredmedia":[{"embeddable":true,"href":"https:\/\/editora.uea.edu.br\/index.php?rest_route=\/wp\/v2\/media\/1362"}],"wp:attachment":[{"href":"https:\/\/editora.uea.edu.br\/index.php?rest_route=%2Fwp%2Fv2%2Fmedia&parent=1361"}],"wp:term":[{"taxonomy":"product_cat","embeddable":true,"href":"https:\/\/editora.uea.edu.br\/index.php?rest_route=%2Fwp%2Fv2%2Fproduct_cat&post=1361"},{"taxonomy":"product_tag","embeddable":true,"href":"https:\/\/editora.uea.edu.br\/index.php?rest_route=%2Fwp%2Fv2%2Fproduct_tag&post=1361"}],"curies":[{"name":"wp","href":"https:\/\/api.w.org\/{rel}","templated":true}]}}