{"id":1350,"date":"2023-11-08T00:50:24","date_gmt":"2023-11-08T04:50:24","guid":{"rendered":"https:\/\/editora.uea.edu.br\/?post_type=product&#038;p=1350"},"modified":"2025-07-23T17:28:01","modified_gmt":"2025-07-23T21:28:01","slug":"principios-basicos-de-meteorologia-dinamica","status":"publish","type":"product","link":"https:\/\/editora.uea.edu.br\/?product=principios-basicos-de-meteorologia-dinamica","title":{"rendered":"Princ\u00edpios b\u00e1sicos de meteorologia din\u00e2mica"},"content":{"rendered":"<p>O livro, voltado para alunos de Meteorologia e de Ci\u00eancias Atmosf\u00e9ricas, busca auxiliar no entendimento dos processos f\u00edsicos e din\u00e2micos respons\u00e1veis pelos movimentos na atmosfera. De forma did\u00e1tica, a obra apresenta informa\u00e7\u00f5es fundamentais da disciplina e exerc\u00edcios acerca dos conceitos f\u00edsicos e matem\u00e1ticos.<\/p>\n<p>&nbsp;<\/p>\n<p><strong>Como citar<\/strong>:<\/p>\n<p>VEIGA, J. A. P. (org.). <em>Princ\u00edpios b\u00e1sicos de meteorologia din\u00e2mica<\/em>. Manaus: Editora UEA, 2021.<\/p>\n","protected":false},"excerpt":{"rendered":"<p>O livro, voltado para alunos de Meteorologia e de Ci\u00eancias Atmosf\u00e9ricas, busca auxiliar no entendimento dos processos f\u00edsicos e din\u00e2micos respons\u00e1veis pelos movimentos na atmosfera. De forma did\u00e1tica, a obra apresenta informa\u00e7\u00f5es fundamentais da disciplina e exerc\u00edcios acerca dos conceitos f\u00edsicos e matem\u00e1ticos. &nbsp; Como citar: VEIGA, J. A. P. (org.). Princ\u00edpios b\u00e1sicos de meteorologia [&hellip;]<\/p>\n","protected":false},"featured_media":1351,"comment_status":"open","ping_status":"closed","template":"","meta":{"om_disable_all_campaigns":false,"_uag_custom_page_level_css":"","_monsterinsights_skip_tracking":false,"_monsterinsights_sitenote_active":false,"_monsterinsights_sitenote_note":"","_monsterinsights_sitenote_category":0,"site-sidebar-layout":"default","site-content-layout":"","ast-site-content-layout":"default","site-content-style":"default","site-sidebar-style":"default","ast-global-header-display":"","ast-banner-title-visibility":"","ast-main-header-display":"","ast-hfb-above-header-display":"","ast-hfb-below-header-display":"","ast-hfb-mobile-header-display":"","site-post-title":"","ast-breadcrumbs-content":"","ast-featured-img":"","footer-sml-layout":"","theme-transparent-header-meta":"default","adv-header-id-meta":"","stick-header-meta":"","header-above-stick-meta":"","header-main-stick-meta":"","header-below-stick-meta":"","astra-migrate-meta-layouts":"set","ast-page-background-enabled":"default","ast-page-background-meta":{"desktop":{"background-color":"var(--ast-global-color-4)","background-image":"","background-repeat":"repeat","background-position":"center center","background-size":"auto","background-attachment":"scroll","background-type":"","background-media":"","overlay-type":"","overlay-color":"","overlay-gradient":""},"tablet":{"background-color":"","background-image":"","background-repeat":"repeat","background-position":"center center","background-size":"auto","background-attachment":"scroll","background-type":"","background-media":"","overlay-type":"","overlay-color":"","overlay-gradient":""},"mobile":{"background-color":"","background-image":"","background-repeat":"repeat","background-position":"center center","background-size":"auto","background-attachment":"scroll","background-type":"","background-media":"","overlay-type":"","overlay-color":"","overlay-gradient":""}},"ast-content-background-meta":{"desktop":{"background-color":"var(--ast-global-color-5)","background-image":"","background-repeat":"repeat","background-position":"center center","background-size":"auto","background-attachment":"scroll","background-type":"","background-media":"","overlay-type":"","overlay-color":"","overlay-gradient":""},"tablet":{"background-color":"var(--ast-global-color-5)","background-image":"","background-repeat":"repeat","background-position":"center center","background-size":"auto","background-attachment":"scroll","background-type":"","background-media":"","overlay-type":"","overlay-color":"","overlay-gradient":""},"mobile":{"background-color":"var(--ast-global-color-5)","background-image":"","background-repeat":"repeat","background-position":"center center","background-size":"auto","background-attachment":"scroll","background-type":"","background-media":"","overlay-type":"","overlay-color":"","overlay-gradient":""}},"_themeisle_gutenberg_block_has_review":false},"product_cat":[433,53,138],"product_tag":[284],"aioseo_notices":[],"uagb_featured_image_src":{"full":["https:\/\/editora.uea.edu.br\/wp-content\/uploads\/2024\/02\/capa-Principios-basicos-da-metereologia-dinamica.jpg",425,595,false],"thumbnail":["https:\/\/editora.uea.edu.br\/wp-content\/uploads\/2024\/02\/capa-Principios-basicos-da-metereologia-dinamica-150x150.jpg",150,150,true],"medium":["https:\/\/editora.uea.edu.br\/wp-content\/uploads\/2024\/02\/capa-Principios-basicos-da-metereologia-dinamica-214x300.jpg",214,300,true],"medium_large":["https:\/\/editora.uea.edu.br\/wp-content\/uploads\/2024\/02\/capa-Principios-basicos-da-metereologia-dinamica.jpg",425,595,false],"large":["https:\/\/editora.uea.edu.br\/wp-content\/uploads\/2024\/02\/capa-Principios-basicos-da-metereologia-dinamica.jpg",425,595,false],"1536x1536":["https:\/\/editora.uea.edu.br\/wp-content\/uploads\/2024\/02\/capa-Principios-basicos-da-metereologia-dinamica.jpg",425,595,false],"2048x2048":["https:\/\/editora.uea.edu.br\/wp-content\/uploads\/2024\/02\/capa-Principios-basicos-da-metereologia-dinamica.jpg",425,595,false],"codesigner-thumb":["https:\/\/editora.uea.edu.br\/wp-content\/uploads\/2024\/02\/capa-Principios-basicos-da-metereologia-dinamica-400x400.jpg",400,400,true],"woocommerce_thumbnail":["https:\/\/editora.uea.edu.br\/wp-content\/uploads\/2024\/02\/capa-Principios-basicos-da-metereologia-dinamica-200x296.jpg",200,296,true],"woocommerce_single":["https:\/\/editora.uea.edu.br\/wp-content\/uploads\/2024\/02\/capa-Principios-basicos-da-metereologia-dinamica-200x280.jpg",200,280,true],"woocommerce_gallery_thumbnail":["https:\/\/editora.uea.edu.br\/wp-content\/uploads\/2024\/02\/capa-Principios-basicos-da-metereologia-dinamica-100x100.jpg",100,100,true]},"uagb_author_info":{"display_name":"editora","author_link":"https:\/\/editora.uea.edu.br\/?author=0"},"uagb_comment_info":0,"uagb_excerpt":"O livro, voltado para alunos de Meteorologia e de Ci\u00eancias Atmosf\u00e9ricas, busca auxiliar no entendimento dos processos f\u00edsicos e din\u00e2micos respons\u00e1veis pelos movimentos na atmosfera. De forma did\u00e1tica, a obra apresenta informa\u00e7\u00f5es fundamentais da disciplina e exerc\u00edcios acerca dos conceitos f\u00edsicos e matem\u00e1ticos. &nbsp; Como citar: VEIGA, J. A. P. (org.). Princ\u00edpios b\u00e1sicos de meteorologia&hellip;","_links":{"self":[{"href":"https:\/\/editora.uea.edu.br\/index.php?rest_route=\/wp\/v2\/product\/1350"}],"collection":[{"href":"https:\/\/editora.uea.edu.br\/index.php?rest_route=\/wp\/v2\/product"}],"about":[{"href":"https:\/\/editora.uea.edu.br\/index.php?rest_route=\/wp\/v2\/types\/product"}],"replies":[{"embeddable":true,"href":"https:\/\/editora.uea.edu.br\/index.php?rest_route=%2Fwp%2Fv2%2Fcomments&post=1350"}],"wp:featuredmedia":[{"embeddable":true,"href":"https:\/\/editora.uea.edu.br\/index.php?rest_route=\/wp\/v2\/media\/1351"}],"wp:attachment":[{"href":"https:\/\/editora.uea.edu.br\/index.php?rest_route=%2Fwp%2Fv2%2Fmedia&parent=1350"}],"wp:term":[{"taxonomy":"product_cat","embeddable":true,"href":"https:\/\/editora.uea.edu.br\/index.php?rest_route=%2Fwp%2Fv2%2Fproduct_cat&post=1350"},{"taxonomy":"product_tag","embeddable":true,"href":"https:\/\/editora.uea.edu.br\/index.php?rest_route=%2Fwp%2Fv2%2Fproduct_tag&post=1350"}],"curies":[{"name":"wp","href":"https:\/\/api.w.org\/{rel}","templated":true}]}}