{"id":1346,"date":"2023-11-08T00:00:33","date_gmt":"2023-11-08T04:00:33","guid":{"rendered":"https:\/\/editora.uea.edu.br\/?post_type=product&#038;p=1346"},"modified":"2026-01-16T14:43:06","modified_gmt":"2026-01-16T18:43:06","slug":"a-producao-e-a-percepcao-do-turismo-em-parintins-amazonas","status":"publish","type":"product","link":"https:\/\/editora.uea.edu.br\/?product=a-producao-e-a-percepcao-do-turismo-em-parintins-amazonas","title":{"rendered":"A produ\u00e7\u00e3o e a percep\u00e7\u00e3o do turismo em Parintins, Amazonas"},"content":{"rendered":"<p>livro aborda como tema central a atividade do turismo em Parintins, expondo a regi\u00e3o, a cidade e sua evolu\u00e7\u00e3o urbana, al\u00e9m de apresentar os dilemas te\u00f3ricos e as perspectivas metodol\u00f3gicas de como lidar com este fen\u00f4meno que se expande pelo mundo.<\/p>\n<p>&nbsp;<\/p>\n<p><strong>Como citar<\/strong>:<\/p>\n<p>AZEVEDO FILHO, J. D. M. <em>A produ\u00e7\u00e3o e a percep\u00e7\u00e3o do turismo em Parintins, Amazonas<\/em>. Manaus: Editora UEA, 2021.<\/p>\n<p>&nbsp;<\/p>\n<p><strong>Dispon\u00edvel em<\/strong>:<\/p>\n<p><a href=\"https:\/\/ri.uea.edu.br\/handle\/riuea\/2561\">https:\/\/ri.uea.edu.br\/handle\/riuea\/2561<\/a><\/p>\n<p>&nbsp;<\/p>\n","protected":false},"excerpt":{"rendered":"<p>livro aborda como tema central a atividade do turismo em Parintins, expondo a regi\u00e3o, a cidade e sua evolu\u00e7\u00e3o urbana, al\u00e9m de apresentar os dilemas te\u00f3ricos e as perspectivas metodol\u00f3gicas de como lidar com este fen\u00f4meno que se expande pelo mundo. &nbsp; Como citar: AZEVEDO FILHO, J. D. M. A produ\u00e7\u00e3o e a percep\u00e7\u00e3o do [&hellip;]<\/p>\n","protected":false},"featured_media":1347,"comment_status":"open","ping_status":"closed","template":"","meta":{"om_disable_all_campaigns":false,"_uag_custom_page_level_css":"","_monsterinsights_skip_tracking":false,"_monsterinsights_sitenote_active":false,"_monsterinsights_sitenote_note":"","_monsterinsights_sitenote_category":0,"site-sidebar-layout":"default","site-content-layout":"","ast-site-content-layout":"default","site-content-style":"default","site-sidebar-style":"default","ast-global-header-display":"","ast-banner-title-visibility":"","ast-main-header-display":"","ast-hfb-above-header-display":"","ast-hfb-below-header-display":"","ast-hfb-mobile-header-display":"","site-post-title":"","ast-breadcrumbs-content":"","ast-featured-img":"","footer-sml-layout":"","theme-transparent-header-meta":"default","adv-header-id-meta":"","stick-header-meta":"","header-above-stick-meta":"","header-main-stick-meta":"","header-below-stick-meta":"","astra-migrate-meta-layouts":"set","ast-page-background-enabled":"default","ast-page-background-meta":{"desktop":{"background-color":"var(--ast-global-color-4)","background-image":"","background-repeat":"repeat","background-position":"center center","background-size":"auto","background-attachment":"scroll","background-type":"","background-media":"","overlay-type":"","overlay-color":"","overlay-gradient":""},"tablet":{"background-color":"","background-image":"","background-repeat":"repeat","background-position":"center center","background-size":"auto","background-attachment":"scroll","background-type":"","background-media":"","overlay-type":"","overlay-color":"","overlay-gradient":""},"mobile":{"background-color":"","background-image":"","background-repeat":"repeat","background-position":"center center","background-size":"auto","background-attachment":"scroll","background-type":"","background-media":"","overlay-type":"","overlay-color":"","overlay-gradient":""}},"ast-content-background-meta":{"desktop":{"background-color":"var(--ast-global-color-5)","background-image":"","background-repeat":"repeat","background-position":"center center","background-size":"auto","background-attachment":"scroll","background-type":"","background-media":"","overlay-type":"","overlay-color":"","overlay-gradient":""},"tablet":{"background-color":"var(--ast-global-color-5)","background-image":"","background-repeat":"repeat","background-position":"center center","background-size":"auto","background-attachment":"scroll","background-type":"","background-media":"","overlay-type":"","overlay-color":"","overlay-gradient":""},"mobile":{"background-color":"var(--ast-global-color-5)","background-image":"","background-repeat":"repeat","background-position":"center center","background-size":"auto","background-attachment":"scroll","background-type":"","background-media":"","overlay-type":"","overlay-color":"","overlay-gradient":""}},"_themeisle_gutenberg_block_has_review":false},"product_cat":[230,114,428,231,105,171,510],"product_tag":[375],"aioseo_notices":[],"uagb_featured_image_src":{"full":["https:\/\/editora.uea.edu.br\/wp-content\/uploads\/2024\/02\/capa-turismo-em-parintins.jpg",431,607,false],"thumbnail":["https:\/\/editora.uea.edu.br\/wp-content\/uploads\/2024\/02\/capa-turismo-em-parintins-150x150.jpg",150,150,true],"medium":["https:\/\/editora.uea.edu.br\/wp-content\/uploads\/2024\/02\/capa-turismo-em-parintins-213x300.jpg",213,300,true],"medium_large":["https:\/\/editora.uea.edu.br\/wp-content\/uploads\/2024\/02\/capa-turismo-em-parintins.jpg",431,607,false],"large":["https:\/\/editora.uea.edu.br\/wp-content\/uploads\/2024\/02\/capa-turismo-em-parintins.jpg",431,607,false],"1536x1536":["https:\/\/editora.uea.edu.br\/wp-content\/uploads\/2024\/02\/capa-turismo-em-parintins.jpg",431,607,false],"2048x2048":["https:\/\/editora.uea.edu.br\/wp-content\/uploads\/2024\/02\/capa-turismo-em-parintins.jpg",431,607,false],"codesigner-thumb":["https:\/\/editora.uea.edu.br\/wp-content\/uploads\/2024\/02\/capa-turismo-em-parintins-400x400.jpg",400,400,true],"woocommerce_thumbnail":["https:\/\/editora.uea.edu.br\/wp-content\/uploads\/2024\/02\/capa-turismo-em-parintins-200x296.jpg",200,296,true],"woocommerce_single":["https:\/\/editora.uea.edu.br\/wp-content\/uploads\/2024\/02\/capa-turismo-em-parintins-200x282.jpg",200,282,true],"woocommerce_gallery_thumbnail":["https:\/\/editora.uea.edu.br\/wp-content\/uploads\/2024\/02\/capa-turismo-em-parintins-100x100.jpg",100,100,true]},"uagb_author_info":{"display_name":"editora","author_link":"https:\/\/editora.uea.edu.br\/?author=0"},"uagb_comment_info":0,"uagb_excerpt":"livro aborda como tema central a atividade do turismo em Parintins, expondo a regi\u00e3o, a cidade e sua evolu\u00e7\u00e3o urbana, al\u00e9m de apresentar os dilemas te\u00f3ricos e as perspectivas metodol\u00f3gicas de como lidar com este fen\u00f4meno que se expande pelo mundo. &nbsp; Como citar: AZEVEDO FILHO, J. D. M. A produ\u00e7\u00e3o e a percep\u00e7\u00e3o do&hellip;","_links":{"self":[{"href":"https:\/\/editora.uea.edu.br\/index.php?rest_route=\/wp\/v2\/product\/1346"}],"collection":[{"href":"https:\/\/editora.uea.edu.br\/index.php?rest_route=\/wp\/v2\/product"}],"about":[{"href":"https:\/\/editora.uea.edu.br\/index.php?rest_route=\/wp\/v2\/types\/product"}],"replies":[{"embeddable":true,"href":"https:\/\/editora.uea.edu.br\/index.php?rest_route=%2Fwp%2Fv2%2Fcomments&post=1346"}],"wp:featuredmedia":[{"embeddable":true,"href":"https:\/\/editora.uea.edu.br\/index.php?rest_route=\/wp\/v2\/media\/1347"}],"wp:attachment":[{"href":"https:\/\/editora.uea.edu.br\/index.php?rest_route=%2Fwp%2Fv2%2Fmedia&parent=1346"}],"wp:term":[{"taxonomy":"product_cat","embeddable":true,"href":"https:\/\/editora.uea.edu.br\/index.php?rest_route=%2Fwp%2Fv2%2Fproduct_cat&post=1346"},{"taxonomy":"product_tag","embeddable":true,"href":"https:\/\/editora.uea.edu.br\/index.php?rest_route=%2Fwp%2Fv2%2Fproduct_tag&post=1346"}],"curies":[{"name":"wp","href":"https:\/\/api.w.org\/{rel}","templated":true}]}}