{"id":1340,"date":"2023-11-08T00:33:55","date_gmt":"2023-11-08T04:33:55","guid":{"rendered":"https:\/\/editora.uea.edu.br\/?post_type=product&#038;p=1340"},"modified":"2025-07-23T17:24:39","modified_gmt":"2025-07-23T21:24:39","slug":"os-primeiros-momentos-da-covid-no-amazonas","status":"publish","type":"product","link":"https:\/\/editora.uea.edu.br\/?product=os-primeiros-momentos-da-covid-no-amazonas","title":{"rendered":"Os primeiros momentos da covid no Amazonas"},"content":{"rendered":"<p>A obra apresenta as informa\u00e7\u00f5es sobre os primeiros momentos da doen\u00e7a no Amazonas, contribuindo para a divulga\u00e7\u00e3o de dados e an\u00e1lises desse cen\u00e1rio e prop\u00f5e uma reflex\u00e3o sobre os desafios que os profissionais que atuam na linha de frente passam em uma situa\u00e7\u00e3o de crise sanit\u00e1ria.<\/p>\n<p>&nbsp;<\/p>\n<p><strong>Como citar<\/strong>:<\/p>\n<p>BOTELHO, J. B. (org.). <em>Os primeiros momentos da covid no Amazonas<\/em>. Manaus: Editora UEA, 2021.<\/p>\n<p>&nbsp;<\/p>\n<p><strong>Dispon\u00edvel em<\/strong>:<\/p>\n<p><a href=\"https:\/\/ri.uea.edu.br\/handle\/riuea\/2571\">https:\/\/ri.uea.edu.br\/handle\/riuea\/2571<\/a><\/p>\n<p>&nbsp;<\/p>\n","protected":false},"excerpt":{"rendered":"<p>A obra apresenta as informa\u00e7\u00f5es sobre os primeiros momentos da doen\u00e7a no Amazonas, contribuindo para a divulga\u00e7\u00e3o de dados e an\u00e1lises desse cen\u00e1rio e prop\u00f5e uma reflex\u00e3o sobre os desafios que os profissionais que atuam na linha de frente passam em uma situa\u00e7\u00e3o de crise sanit\u00e1ria. &nbsp; Como citar: BOTELHO, J. B. (org.). Os primeiros [&hellip;]<\/p>\n","protected":false},"featured_media":1341,"comment_status":"open","ping_status":"closed","template":"","meta":{"om_disable_all_campaigns":false,"_uag_custom_page_level_css":"","_monsterinsights_skip_tracking":false,"_monsterinsights_sitenote_active":false,"_monsterinsights_sitenote_note":"","_monsterinsights_sitenote_category":0,"site-sidebar-layout":"default","site-content-layout":"","ast-site-content-layout":"default","site-content-style":"default","site-sidebar-style":"default","ast-global-header-display":"","ast-banner-title-visibility":"","ast-main-header-display":"","ast-hfb-above-header-display":"","ast-hfb-below-header-display":"","ast-hfb-mobile-header-display":"","site-post-title":"","ast-breadcrumbs-content":"","ast-featured-img":"","footer-sml-layout":"","theme-transparent-header-meta":"default","adv-header-id-meta":"","stick-header-meta":"","header-above-stick-meta":"","header-main-stick-meta":"","header-below-stick-meta":"","astra-migrate-meta-layouts":"set","ast-page-background-enabled":"default","ast-page-background-meta":{"desktop":{"background-color":"var(--ast-global-color-4)","background-image":"","background-repeat":"repeat","background-position":"center center","background-size":"auto","background-attachment":"scroll","background-type":"","background-media":"","overlay-type":"","overlay-color":"","overlay-gradient":""},"tablet":{"background-color":"","background-image":"","background-repeat":"repeat","background-position":"center center","background-size":"auto","background-attachment":"scroll","background-type":"","background-media":"","overlay-type":"","overlay-color":"","overlay-gradient":""},"mobile":{"background-color":"","background-image":"","background-repeat":"repeat","background-position":"center center","background-size":"auto","background-attachment":"scroll","background-type":"","background-media":"","overlay-type":"","overlay-color":"","overlay-gradient":""}},"ast-content-background-meta":{"desktop":{"background-color":"var(--ast-global-color-5)","background-image":"","background-repeat":"repeat","background-position":"center center","background-size":"auto","background-attachment":"scroll","background-type":"","background-media":"","overlay-type":"","overlay-color":"","overlay-gradient":""},"tablet":{"background-color":"var(--ast-global-color-5)","background-image":"","background-repeat":"repeat","background-position":"center center","background-size":"auto","background-attachment":"scroll","background-type":"","background-media":"","overlay-type":"","overlay-color":"","overlay-gradient":""},"mobile":{"background-color":"var(--ast-global-color-5)","background-image":"","background-repeat":"repeat","background-position":"center center","background-size":"auto","background-attachment":"scroll","background-type":"","background-media":"","overlay-type":"","overlay-color":"","overlay-gradient":""}},"_themeisle_gutenberg_block_has_review":false},"product_cat":[40,231,427,77,226],"product_tag":[374],"aioseo_notices":[],"uagb_featured_image_src":{"full":["https:\/\/editora.uea.edu.br\/wp-content\/uploads\/2024\/02\/covid-19-no-amazonas-capa-e-contracapa_covid-19-20.png",2481,3508,false],"thumbnail":["https:\/\/editora.uea.edu.br\/wp-content\/uploads\/2024\/02\/covid-19-no-amazonas-capa-e-contracapa_covid-19-20-150x150.png",150,150,true],"medium":["https:\/\/editora.uea.edu.br\/wp-content\/uploads\/2024\/02\/covid-19-no-amazonas-capa-e-contracapa_covid-19-20-212x300.png",212,300,true],"medium_large":["https:\/\/editora.uea.edu.br\/wp-content\/uploads\/2024\/02\/covid-19-no-amazonas-capa-e-contracapa_covid-19-20-768x1086.png",768,1086,true],"large":["https:\/\/editora.uea.edu.br\/wp-content\/uploads\/2024\/02\/covid-19-no-amazonas-capa-e-contracapa_covid-19-20-566x800.png",566,800,true],"1536x1536":["https:\/\/editora.uea.edu.br\/wp-content\/uploads\/2024\/02\/covid-19-no-amazonas-capa-e-contracapa_covid-19-20-1086x1536.png",1086,1536,true],"2048x2048":["https:\/\/editora.uea.edu.br\/wp-content\/uploads\/2024\/02\/covid-19-no-amazonas-capa-e-contracapa_covid-19-20-1448x2048.png",1448,2048,true],"codesigner-thumb":["https:\/\/editora.uea.edu.br\/wp-content\/uploads\/2024\/02\/covid-19-no-amazonas-capa-e-contracapa_covid-19-20-400x400.png",400,400,true],"woocommerce_thumbnail":["https:\/\/editora.uea.edu.br\/wp-content\/uploads\/2024\/02\/covid-19-no-amazonas-capa-e-contracapa_covid-19-20-200x296.png",200,296,true],"woocommerce_single":["https:\/\/editora.uea.edu.br\/wp-content\/uploads\/2024\/02\/covid-19-no-amazonas-capa-e-contracapa_covid-19-20-200x283.png",200,283,true],"woocommerce_gallery_thumbnail":["https:\/\/editora.uea.edu.br\/wp-content\/uploads\/2024\/02\/covid-19-no-amazonas-capa-e-contracapa_covid-19-20-100x100.png",100,100,true]},"uagb_author_info":{"display_name":"editora","author_link":"https:\/\/editora.uea.edu.br\/?author=0"},"uagb_comment_info":0,"uagb_excerpt":"A obra apresenta as informa\u00e7\u00f5es sobre os primeiros momentos da doen\u00e7a no Amazonas, contribuindo para a divulga\u00e7\u00e3o de dados e an\u00e1lises desse cen\u00e1rio e prop\u00f5e uma reflex\u00e3o sobre os desafios que os profissionais que atuam na linha de frente passam em uma situa\u00e7\u00e3o de crise sanit\u00e1ria. &nbsp; Como citar: BOTELHO, J. B. (org.). Os primeiros&hellip;","_links":{"self":[{"href":"https:\/\/editora.uea.edu.br\/index.php?rest_route=\/wp\/v2\/product\/1340"}],"collection":[{"href":"https:\/\/editora.uea.edu.br\/index.php?rest_route=\/wp\/v2\/product"}],"about":[{"href":"https:\/\/editora.uea.edu.br\/index.php?rest_route=\/wp\/v2\/types\/product"}],"replies":[{"embeddable":true,"href":"https:\/\/editora.uea.edu.br\/index.php?rest_route=%2Fwp%2Fv2%2Fcomments&post=1340"}],"wp:featuredmedia":[{"embeddable":true,"href":"https:\/\/editora.uea.edu.br\/index.php?rest_route=\/wp\/v2\/media\/1341"}],"wp:attachment":[{"href":"https:\/\/editora.uea.edu.br\/index.php?rest_route=%2Fwp%2Fv2%2Fmedia&parent=1340"}],"wp:term":[{"taxonomy":"product_cat","embeddable":true,"href":"https:\/\/editora.uea.edu.br\/index.php?rest_route=%2Fwp%2Fv2%2Fproduct_cat&post=1340"},{"taxonomy":"product_tag","embeddable":true,"href":"https:\/\/editora.uea.edu.br\/index.php?rest_route=%2Fwp%2Fv2%2Fproduct_tag&post=1340"}],"curies":[{"name":"wp","href":"https:\/\/api.w.org\/{rel}","templated":true}]}}