{"id":1338,"date":"2023-11-08T00:13:35","date_gmt":"2023-11-08T04:13:35","guid":{"rendered":"https:\/\/editora.uea.edu.br\/?post_type=product&#038;p=1338"},"modified":"2025-07-23T17:15:54","modified_gmt":"2025-07-23T21:15:54","slug":"estado-constituicao-e-direitos-sociais","status":"publish","type":"product","link":"https:\/\/editora.uea.edu.br\/?product=estado-constituicao-e-direitos-sociais","title":{"rendered":"Estado, Constitui\u00e7\u00e3o e Direitos Sociais"},"content":{"rendered":"<p>A obra apresenta ao p\u00fablico a necessidade de um sistema jur\u00eddico democr\u00e1tico, abordando temas cl\u00e1ssicos e modernos do direito com textos de diferentes eixos tem\u00e1ticos. Essa inclus\u00e3o hist\u00f3rica e te\u00f3rica apresentada no livro revela a necessidade do reconhecimento do direito fundamental.<\/p>\n<p>&nbsp;<\/p>\n<p><strong>Como citar<\/strong>:<\/p>\n<p>SILVA, T. M. R. (org.). <em>Estado, Constitui\u00e7\u00e3o e Direitos Sociais<\/em>. Manaus: Editora UEA, 2021.<\/p>\n<p>&nbsp;<\/p>\n<p><strong>Dispon\u00edvel em<\/strong>:<\/p>\n<p><a href=\"https:\/\/ri.uea.edu.br\/handle\/riuea\/2517\">https:\/\/ri.uea.edu.br\/handle\/riuea\/2517<\/a><\/p>\n","protected":false},"excerpt":{"rendered":"<p>A obra apresenta ao p\u00fablico a necessidade de um sistema jur\u00eddico democr\u00e1tico, abordando temas cl\u00e1ssicos e modernos do direito com textos de diferentes eixos tem\u00e1ticos. Essa inclus\u00e3o hist\u00f3rica e te\u00f3rica apresentada no livro revela a necessidade do reconhecimento do direito fundamental. &nbsp; Como citar: SILVA, T. M. R. (org.). Estado, Constitui\u00e7\u00e3o e Direitos Sociais. Manaus: [&hellip;]<\/p>\n","protected":false},"featured_media":1339,"comment_status":"open","ping_status":"closed","template":"","meta":{"om_disable_all_campaigns":false,"_uag_custom_page_level_css":"","_monsterinsights_skip_tracking":false,"_monsterinsights_sitenote_active":false,"_monsterinsights_sitenote_note":"","_monsterinsights_sitenote_category":0,"site-sidebar-layout":"default","site-content-layout":"","ast-site-content-layout":"default","site-content-style":"default","site-sidebar-style":"default","ast-global-header-display":"","ast-banner-title-visibility":"","ast-main-header-display":"","ast-hfb-above-header-display":"","ast-hfb-below-header-display":"","ast-hfb-mobile-header-display":"","site-post-title":"","ast-breadcrumbs-content":"","ast-featured-img":"","footer-sml-layout":"","theme-transparent-header-meta":"default","adv-header-id-meta":"","stick-header-meta":"","header-above-stick-meta":"","header-main-stick-meta":"","header-below-stick-meta":"","astra-migrate-meta-layouts":"set","ast-page-background-enabled":"default","ast-page-background-meta":{"desktop":{"background-color":"var(--ast-global-color-4)","background-image":"","background-repeat":"repeat","background-position":"center center","background-size":"auto","background-attachment":"scroll","background-type":"","background-media":"","overlay-type":"","overlay-color":"","overlay-gradient":""},"tablet":{"background-color":"","background-image":"","background-repeat":"repeat","background-position":"center center","background-size":"auto","background-attachment":"scroll","background-type":"","background-media":"","overlay-type":"","overlay-color":"","overlay-gradient":""},"mobile":{"background-color":"","background-image":"","background-repeat":"repeat","background-position":"center center","background-size":"auto","background-attachment":"scroll","background-type":"","background-media":"","overlay-type":"","overlay-color":"","overlay-gradient":""}},"ast-content-background-meta":{"desktop":{"background-color":"var(--ast-global-color-5)","background-image":"","background-repeat":"repeat","background-position":"center center","background-size":"auto","background-attachment":"scroll","background-type":"","background-media":"","overlay-type":"","overlay-color":"","overlay-gradient":""},"tablet":{"background-color":"var(--ast-global-color-5)","background-image":"","background-repeat":"repeat","background-position":"center center","background-size":"auto","background-attachment":"scroll","background-type":"","background-media":"","overlay-type":"","overlay-color":"","overlay-gradient":""},"mobile":{"background-color":"var(--ast-global-color-5)","background-image":"","background-repeat":"repeat","background-position":"center center","background-size":"auto","background-attachment":"scroll","background-type":"","background-media":"","overlay-type":"","overlay-color":"","overlay-gradient":""}},"_themeisle_gutenberg_block_has_review":false},"product_cat":[40],"product_tag":[373],"aioseo_notices":[],"uagb_featured_image_src":{"full":["https:\/\/editora.uea.edu.br\/wp-content\/uploads\/2024\/02\/capa-estado-constituicao-e-direitos-sociais-scaled.jpg",1811,2560,false],"thumbnail":["https:\/\/editora.uea.edu.br\/wp-content\/uploads\/2024\/02\/capa-estado-constituicao-e-direitos-sociais-150x150.jpg",150,150,true],"medium":["https:\/\/editora.uea.edu.br\/wp-content\/uploads\/2024\/02\/capa-estado-constituicao-e-direitos-sociais-212x300.jpg",212,300,true],"medium_large":["https:\/\/editora.uea.edu.br\/wp-content\/uploads\/2024\/02\/capa-estado-constituicao-e-direitos-sociais-768x1086.jpg",768,1086,true],"large":["https:\/\/editora.uea.edu.br\/wp-content\/uploads\/2024\/02\/capa-estado-constituicao-e-direitos-sociais-566x800.jpg",566,800,true],"1536x1536":["https:\/\/editora.uea.edu.br\/wp-content\/uploads\/2024\/02\/capa-estado-constituicao-e-direitos-sociais-1086x1536.jpg",1086,1536,true],"2048x2048":["https:\/\/editora.uea.edu.br\/wp-content\/uploads\/2024\/02\/capa-estado-constituicao-e-direitos-sociais-1449x2048.jpg",1449,2048,true],"codesigner-thumb":["https:\/\/editora.uea.edu.br\/wp-content\/uploads\/2024\/02\/capa-estado-constituicao-e-direitos-sociais-400x400.jpg",400,400,true],"woocommerce_thumbnail":["https:\/\/editora.uea.edu.br\/wp-content\/uploads\/2024\/02\/capa-estado-constituicao-e-direitos-sociais-200x296.jpg",200,296,true],"woocommerce_single":["https:\/\/editora.uea.edu.br\/wp-content\/uploads\/2024\/02\/capa-estado-constituicao-e-direitos-sociais-200x283.jpg",200,283,true],"woocommerce_gallery_thumbnail":["https:\/\/editora.uea.edu.br\/wp-content\/uploads\/2024\/02\/capa-estado-constituicao-e-direitos-sociais-100x100.jpg",100,100,true]},"uagb_author_info":{"display_name":"editora","author_link":"https:\/\/editora.uea.edu.br\/?author=0"},"uagb_comment_info":0,"uagb_excerpt":"A obra apresenta ao p\u00fablico a necessidade de um sistema jur\u00eddico democr\u00e1tico, abordando temas cl\u00e1ssicos e modernos do direito com textos de diferentes eixos tem\u00e1ticos. Essa inclus\u00e3o hist\u00f3rica e te\u00f3rica apresentada no livro revela a necessidade do reconhecimento do direito fundamental. &nbsp; Como citar: SILVA, T. M. R. (org.). Estado, Constitui\u00e7\u00e3o e Direitos Sociais. Manaus:&hellip;","_links":{"self":[{"href":"https:\/\/editora.uea.edu.br\/index.php?rest_route=\/wp\/v2\/product\/1338"}],"collection":[{"href":"https:\/\/editora.uea.edu.br\/index.php?rest_route=\/wp\/v2\/product"}],"about":[{"href":"https:\/\/editora.uea.edu.br\/index.php?rest_route=\/wp\/v2\/types\/product"}],"replies":[{"embeddable":true,"href":"https:\/\/editora.uea.edu.br\/index.php?rest_route=%2Fwp%2Fv2%2Fcomments&post=1338"}],"wp:featuredmedia":[{"embeddable":true,"href":"https:\/\/editora.uea.edu.br\/index.php?rest_route=\/wp\/v2\/media\/1339"}],"wp:attachment":[{"href":"https:\/\/editora.uea.edu.br\/index.php?rest_route=%2Fwp%2Fv2%2Fmedia&parent=1338"}],"wp:term":[{"taxonomy":"product_cat","embeddable":true,"href":"https:\/\/editora.uea.edu.br\/index.php?rest_route=%2Fwp%2Fv2%2Fproduct_cat&post=1338"},{"taxonomy":"product_tag","embeddable":true,"href":"https:\/\/editora.uea.edu.br\/index.php?rest_route=%2Fwp%2Fv2%2Fproduct_tag&post=1338"}],"curies":[{"name":"wp","href":"https:\/\/api.w.org\/{rel}","templated":true}]}}