{"id":1023,"date":"2023-11-07T00:29:47","date_gmt":"2023-11-07T04:29:47","guid":{"rendered":"https:\/\/editora.uea.edu.br\/?post_type=product&#038;p=1023"},"modified":"2025-07-23T16:37:07","modified_gmt":"2025-07-23T20:37:07","slug":"religioes-e-lutas-contra-hegemonicas-na-amazonia","status":"publish","type":"product","link":"https:\/\/editora.uea.edu.br\/?product=religioes-e-lutas-contra-hegemonicas-na-amazonia","title":{"rendered":"Religi\u00f5es e lutas contra-hegem\u00f4nicas na Amaz\u00f4nia"},"content":{"rendered":"<p>O livro \u00e9 fruto do I Simp\u00f3sio Norte da Associa\u00e7\u00e3o Brasileira de Hist\u00f3ria das Religi\u00f5es (Parintins-AM, 2017), e re\u00fane textos que discutem a import\u00e2ncia de romper com as pol\u00edticas de silenciamento das minorias, com as representa\u00e7\u00f5es estereotipadas dos \u201coutros\u201d e com a produ\u00e7\u00e3o de modos diversos de viol\u00eancia e discrimina\u00e7\u00e3o religiosa. Al\u00e9m disso, atenta para a necessidade urgente da constru\u00e7\u00e3o de um espa\u00e7o p\u00fablico laico e plural.<\/p>\n<p>&nbsp;<\/p>\n<p><strong>Como citar<\/strong>:<br \/>\nSILVEIRA, D. O. <em>et al<\/em>. (orgs.). <em>Religi\u00f5es e lutas contra-hegem\u00f4nicas na Amaz\u00f4nia<\/em>. Manaus: Editora UEA, 2020.<\/p>\n<p>&nbsp;<\/p>\n<p><strong>Dispon\u00edvel em<\/strong>:<\/p>\n<p><a href=\"https:\/\/ri.uea.edu.br\/handle\/riuea\/2515\">https:\/\/ri.uea.edu.br\/handle\/riuea\/2515<\/a><\/p>\n<p>&nbsp;<\/p>\n","protected":false},"excerpt":{"rendered":"<p>O livro \u00e9 fruto do I Simp\u00f3sio Norte da Associa\u00e7\u00e3o Brasileira de Hist\u00f3ria das Religi\u00f5es (Parintins-AM, 2017), e re\u00fane textos que discutem a import\u00e2ncia de romper com as pol\u00edticas de silenciamento das minorias, com as representa\u00e7\u00f5es estereotipadas dos \u201coutros\u201d e com a produ\u00e7\u00e3o de modos diversos de viol\u00eancia e discrimina\u00e7\u00e3o religiosa. Al\u00e9m disso, atenta para [&hellip;]<\/p>\n","protected":false},"featured_media":1024,"comment_status":"open","ping_status":"closed","template":"","meta":{"om_disable_all_campaigns":false,"_uag_custom_page_level_css":"","_monsterinsights_skip_tracking":false,"_monsterinsights_sitenote_active":false,"_monsterinsights_sitenote_note":"","_monsterinsights_sitenote_category":0,"site-sidebar-layout":"default","site-content-layout":"","ast-site-content-layout":"default","site-content-style":"default","site-sidebar-style":"default","ast-global-header-display":"","ast-banner-title-visibility":"","ast-main-header-display":"","ast-hfb-above-header-display":"","ast-hfb-below-header-display":"","ast-hfb-mobile-header-display":"","site-post-title":"","ast-breadcrumbs-content":"","ast-featured-img":"","footer-sml-layout":"","theme-transparent-header-meta":"default","adv-header-id-meta":"","stick-header-meta":"","header-above-stick-meta":"","header-main-stick-meta":"","header-below-stick-meta":"","astra-migrate-meta-layouts":"set","ast-page-background-enabled":"default","ast-page-background-meta":{"desktop":{"background-color":"var(--ast-global-color-4)","background-image":"","background-repeat":"repeat","background-position":"center center","background-size":"auto","background-attachment":"scroll","background-type":"","background-media":"","overlay-type":"","overlay-color":"","overlay-gradient":""},"tablet":{"background-color":"","background-image":"","background-repeat":"repeat","background-position":"center center","background-size":"auto","background-attachment":"scroll","background-type":"","background-media":"","overlay-type":"","overlay-color":"","overlay-gradient":""},"mobile":{"background-color":"","background-image":"","background-repeat":"repeat","background-position":"center center","background-size":"auto","background-attachment":"scroll","background-type":"","background-media":"","overlay-type":"","overlay-color":"","overlay-gradient":""}},"ast-content-background-meta":{"desktop":{"background-color":"var(--ast-global-color-5)","background-image":"","background-repeat":"repeat","background-position":"center center","background-size":"auto","background-attachment":"scroll","background-type":"","background-media":"","overlay-type":"","overlay-color":"","overlay-gradient":""},"tablet":{"background-color":"var(--ast-global-color-5)","background-image":"","background-repeat":"repeat","background-position":"center center","background-size":"auto","background-attachment":"scroll","background-type":"","background-media":"","overlay-type":"","overlay-color":"","overlay-gradient":""},"mobile":{"background-color":"var(--ast-global-color-5)","background-image":"","background-repeat":"repeat","background-position":"center center","background-size":"auto","background-attachment":"scroll","background-type":"","background-media":"","overlay-type":"","overlay-color":"","overlay-gradient":""}},"_themeisle_gutenberg_block_has_review":false},"product_cat":[352,230,40,231],"product_tag":[333,331,269,332],"aioseo_notices":[],"uagb_featured_image_src":{"full":["https:\/\/editora.uea.edu.br\/wp-content\/uploads\/2024\/01\/photo1705496666.jpeg",644,963,false],"thumbnail":["https:\/\/editora.uea.edu.br\/wp-content\/uploads\/2024\/01\/photo1705496666-150x150.jpeg",150,150,true],"medium":["https:\/\/editora.uea.edu.br\/wp-content\/uploads\/2024\/01\/photo1705496666-201x300.jpeg",201,300,true],"medium_large":["https:\/\/editora.uea.edu.br\/wp-content\/uploads\/2024\/01\/photo1705496666.jpeg",644,963,false],"large":["https:\/\/editora.uea.edu.br\/wp-content\/uploads\/2024\/01\/photo1705496666.jpeg",535,800,false],"1536x1536":["https:\/\/editora.uea.edu.br\/wp-content\/uploads\/2024\/01\/photo1705496666.jpeg",644,963,false],"2048x2048":["https:\/\/editora.uea.edu.br\/wp-content\/uploads\/2024\/01\/photo1705496666.jpeg",644,963,false],"codesigner-thumb":["https:\/\/editora.uea.edu.br\/wp-content\/uploads\/2024\/01\/photo1705496666-400x400.jpeg",400,400,true],"woocommerce_thumbnail":["https:\/\/editora.uea.edu.br\/wp-content\/uploads\/2024\/01\/photo1705496666-200x296.jpeg",200,296,true],"woocommerce_single":["https:\/\/editora.uea.edu.br\/wp-content\/uploads\/2024\/01\/photo1705496666-200x299.jpeg",200,299,true],"woocommerce_gallery_thumbnail":["https:\/\/editora.uea.edu.br\/wp-content\/uploads\/2024\/01\/photo1705496666-100x100.jpeg",100,100,true]},"uagb_author_info":{"display_name":"editora","author_link":"https:\/\/editora.uea.edu.br\/?author=0"},"uagb_comment_info":0,"uagb_excerpt":"O livro \u00e9 fruto do I Simp\u00f3sio Norte da Associa\u00e7\u00e3o Brasileira de Hist\u00f3ria das Religi\u00f5es (Parintins-AM, 2017), e re\u00fane textos que discutem a import\u00e2ncia de romper com as pol\u00edticas de silenciamento das minorias, com as representa\u00e7\u00f5es estereotipadas dos \u201coutros\u201d e com a produ\u00e7\u00e3o de modos diversos de viol\u00eancia e discrimina\u00e7\u00e3o religiosa. Al\u00e9m disso, atenta para&hellip;","_links":{"self":[{"href":"https:\/\/editora.uea.edu.br\/index.php?rest_route=\/wp\/v2\/product\/1023"}],"collection":[{"href":"https:\/\/editora.uea.edu.br\/index.php?rest_route=\/wp\/v2\/product"}],"about":[{"href":"https:\/\/editora.uea.edu.br\/index.php?rest_route=\/wp\/v2\/types\/product"}],"replies":[{"embeddable":true,"href":"https:\/\/editora.uea.edu.br\/index.php?rest_route=%2Fwp%2Fv2%2Fcomments&post=1023"}],"wp:featuredmedia":[{"embeddable":true,"href":"https:\/\/editora.uea.edu.br\/index.php?rest_route=\/wp\/v2\/media\/1024"}],"wp:attachment":[{"href":"https:\/\/editora.uea.edu.br\/index.php?rest_route=%2Fwp%2Fv2%2Fmedia&parent=1023"}],"wp:term":[{"taxonomy":"product_cat","embeddable":true,"href":"https:\/\/editora.uea.edu.br\/index.php?rest_route=%2Fwp%2Fv2%2Fproduct_cat&post=1023"},{"taxonomy":"product_tag","embeddable":true,"href":"https:\/\/editora.uea.edu.br\/index.php?rest_route=%2Fwp%2Fv2%2Fproduct_tag&post=1023"}],"curies":[{"name":"wp","href":"https:\/\/api.w.org\/{rel}","templated":true}]}}