{"id":71,"date":"2020-02-13T11:14:37","date_gmt":"2020-02-13T15:14:37","guid":{"rendered":"http:\/\/172.16.1.155\/?page_id=71"},"modified":"2025-01-17T09:26:59","modified_gmt":"2025-01-17T13:26:59","slug":"como-publicar","status":"publish","type":"page","link":"https:\/\/editora.uea.edu.br\/?page_id=71","title":{"rendered":"Como publicar"},"content":{"rendered":"\n<p>A <em>editora<\/em><strong>UEA<\/strong> tem aceitado submiss\u00f5es por meio de editais que visam propagar o conhecimento cient\u00edfico e cultural desenvolvido no Amazonas. Abaixo, voc\u00ea pode se informar a respeito das possibilidades de submiss\u00e3o e suas devidas regras.<\/p>\n\n\n\n<div style=\"height:32px\" aria-hidden=\"true\" class=\"wp-block-spacer\"><\/div>\n\n\n\n<div style=\"height:23px\" aria-hidden=\"true\" class=\"wp-block-spacer\"><\/div>\n\n\n\n<div id=\"wp-block-themeisle-blocks-advanced-columns-a2946a77\" class=\"wp-block-themeisle-blocks-advanced-columns alignfull has-2-columns has-desktop-equal-layout has-tablet-equal-layout has-mobile-collapsedRows-layout has-vertical-center ticss-a2946a77 has-dark-bg\"><div class=\"wp-block-themeisle-blocks-advanced-columns-overlay\"><\/div><div class=\"innerblocks-wrap\">\n<div id=\"wp-block-themeisle-blocks-advanced-column-bbddf55b\" class=\"wp-block-themeisle-blocks-advanced-column\">\n<figure class=\"wp-block-image aligncenter size-full\"><img fetchpriority=\"high\" decoding=\"async\" width=\"1000\" height=\"1000\" src=\"https:\/\/editora.uea.edu.br\/wp-content\/uploads\/2024\/01\/trabalho.png\" alt=\"\" class=\"wp-image-1188\" srcset=\"https:\/\/editora.uea.edu.br\/wp-content\/uploads\/2024\/01\/trabalho.png 1000w, https:\/\/editora.uea.edu.br\/wp-content\/uploads\/2024\/01\/trabalho-100x100.png 100w, https:\/\/editora.uea.edu.br\/wp-content\/uploads\/2024\/01\/trabalho-200x200.png 200w, https:\/\/editora.uea.edu.br\/wp-content\/uploads\/2024\/01\/trabalho-300x300.png 300w, https:\/\/editora.uea.edu.br\/wp-content\/uploads\/2024\/01\/trabalho-150x150.png 150w, https:\/\/editora.uea.edu.br\/wp-content\/uploads\/2024\/01\/trabalho-768x768.png 768w, https:\/\/editora.uea.edu.br\/wp-content\/uploads\/2024\/01\/trabalho-400x400.png 400w\" sizes=\"(max-width: 1000px) 100vw, 1000px\" \/><\/figure>\n<\/div>\n\n\n\n<div id=\"wp-block-themeisle-blocks-advanced-column-92b2db05\" class=\"wp-block-themeisle-blocks-advanced-column\">\n<p id=\"wp-block-themeisle-blocks-advanced-heading-82f63cc5\" class=\"wp-block-themeisle-blocks-advanced-heading wp-block-themeisle-blocks-advanced-heading-82f63cc5\">aberto<\/p>\n\n\n\n<h2 id=\"wp-block-themeisle-blocks-advanced-heading-8f1f2647\" class=\"wp-block-themeisle-blocks-advanced-heading wp-block-themeisle-blocks-advanced-heading-8f1f2647\">Edital do Fluxo Editorial<\/h2>\n\n\n\n<p class=\"has-ast-global-color-4-color has-text-color has-link-color wp-elements-1876e69ed3d63b3e78f85dbff38a5611\">O edital apresenta uma nova forma de submiss\u00e3o no fluxo editorial, tendo em vista, como p\u00fablico-alvo, a aceita\u00e7\u00e3o de remessa de material de Servidores Docentes ou T\u00e9cnicos-administrativos ativos na Universidade do Estado do Amazonas (UEA) e p\u00fablico externo \u00e0 institui\u00e7\u00e3o por meio dos selos da Editora UEA.<\/p>\n\n\n\n<p class=\"has-ast-global-color-4-color has-text-color has-link-color wp-elements-929a25c0b6db7a89d58013408045cabd\">As obras devem ser publicadas, a princ\u00edpio, em formato digital <br>(e-book). Podendo &nbsp;ser impressas, caso o proponente possua recursos pr\u00f3prios ou obtidos em institui\u00e7\u00f5es&nbsp;e \u00f3rg\u00e3os de fomento e, tamb\u00e9m, atrav\u00e9s de leis de incentivo \u00e0 cultura.<\/p>\n\n\n\n<div style=\"height:21px\" aria-hidden=\"true\" class=\"wp-block-spacer\"><\/div>\n\n\n\n<div class=\"wp-block-buttons is-layout-flex wp-block-buttons-is-layout-flex\">\n<div class=\"wp-block-button is-style-primary\"><a class=\"wp-block-button__link wp-element-button\" href=\"https:\/\/editora.uea.edu.br\/?page_id=1910\" target=\"_blank\" rel=\"noreferrer noopener\">Saiba mais<\/a><\/div>\n<\/div>\n<\/div>\n<\/div><\/div>\n\n\n\n<div id=\"wp-block-themeisle-blocks-advanced-columns-4e1b3198\" class=\"wp-block-themeisle-blocks-advanced-columns alignfull has-1-columns has-desktop-equal-layout has-tablet-equal-layout has-mobile-collapsedRows-layout has-vertical-center ticss-a2946a77 has-light-bg\"><div class=\"wp-block-themeisle-blocks-advanced-columns-overlay\"><\/div><div class=\"innerblocks-wrap\">\n<div id=\"wp-block-themeisle-blocks-advanced-column-ad6859de\" class=\"wp-block-themeisle-blocks-advanced-column\">\n<h2 id=\"wp-block-themeisle-blocks-advanced-heading-53b015a8\" class=\"wp-block-themeisle-blocks-advanced-heading wp-block-themeisle-blocks-advanced-heading-53b015a8\">Selos<\/h2>\n\n\n\n<p>Os selos visam possibilitar a publica\u00e7\u00e3o de obras de cunho cient\u00edfico, did\u00e1tico, resultado de eventos acad\u00eamicos, parceria interinstitucional, tradu\u00e7\u00e3o e liter\u00e1rio.<\/p>\n\n\n\n<div style=\"height:21px\" aria-hidden=\"true\" class=\"wp-block-spacer\"><\/div>\n\n\n\n<div class=\"wp-block-buttons is-layout-flex wp-block-buttons-is-layout-flex\">\n<div class=\"wp-block-button is-style-primary\"><a class=\"wp-block-button__link wp-element-button\" href=\"https:\/\/editora.uea.edu.br\/?page_id=1786\" target=\"_blank\" rel=\"noreferrer noopener\">Saiba mais<\/a><\/div>\n<\/div>\n<\/div>\n<\/div><\/div>\n\n\n\n<div id=\"wp-block-themeisle-blocks-advanced-columns-e04362a0\" class=\"wp-block-themeisle-blocks-advanced-columns alignfull has-2-columns has-desktop-equal-layout has-tablet-equal-layout has-mobile-collapsedRows-layout has-vertical-center ticss-a2946a77 has-dark-bg\"><div class=\"wp-block-themeisle-blocks-advanced-columns-overlay\"><\/div><div class=\"innerblocks-wrap\">\n<div id=\"wp-block-themeisle-blocks-advanced-column-33d25e7c\" class=\"wp-block-themeisle-blocks-advanced-column\">\n<figure class=\"wp-block-image aligncenter size-full\"><img decoding=\"async\" width=\"1000\" height=\"1000\" src=\"https:\/\/editora.uea.edu.br\/wp-content\/uploads\/2024\/01\/pesquisa.png\" alt=\"\" class=\"wp-image-1180\" srcset=\"https:\/\/editora.uea.edu.br\/wp-content\/uploads\/2024\/01\/pesquisa.png 1000w, https:\/\/editora.uea.edu.br\/wp-content\/uploads\/2024\/01\/pesquisa-100x100.png 100w, https:\/\/editora.uea.edu.br\/wp-content\/uploads\/2024\/01\/pesquisa-200x200.png 200w, https:\/\/editora.uea.edu.br\/wp-content\/uploads\/2024\/01\/pesquisa-300x300.png 300w, https:\/\/editora.uea.edu.br\/wp-content\/uploads\/2024\/01\/pesquisa-150x150.png 150w, https:\/\/editora.uea.edu.br\/wp-content\/uploads\/2024\/01\/pesquisa-768x768.png 768w, https:\/\/editora.uea.edu.br\/wp-content\/uploads\/2024\/01\/pesquisa-400x400.png 400w\" sizes=\"(max-width: 1000px) 100vw, 1000px\" \/><\/figure>\n<\/div>\n\n\n\n<div id=\"wp-block-themeisle-blocks-advanced-column-3e23e453\" class=\"wp-block-themeisle-blocks-advanced-column\">\n<p id=\"wp-block-themeisle-blocks-advanced-heading-8c3f5797\" class=\"wp-block-themeisle-blocks-advanced-heading wp-block-themeisle-blocks-advanced-heading-8c3f5797\"><strong>fechado<\/strong><\/p>\n\n\n\n<h2 id=\"wp-block-themeisle-blocks-advanced-heading-0e02202c\" class=\"wp-block-themeisle-blocks-advanced-heading wp-block-themeisle-blocks-advanced-heading-0e02202c\">Edital Multi\u00e1reas<\/h2>\n\n\n\n<p class=\"has-ast-global-color-4-color has-text-color has-link-color wp-elements-8d1fc194ce29b43845debc561a4fab46\">O edital apresenta a atribui\u00e7\u00e3o de produ\u00e7\u00f5es qualificadas voltadas a pluralidade de \u00e1reas do saber para (Ci\u00eancias Exatas e da Terra, Ci\u00eancias Biol\u00f3gicas, Ci\u00eancias da Sa\u00fade, Ci\u00eancias Humanas, Ci\u00eancias Agr\u00e1rias, Lingu\u00edstica, Letras e Artes, Engenharias, Ci\u00eancias Sociais Aplicadas) com foco em materiais resultantes de pesquisa acad\u00eamica e\/ou cient\u00edfica.<\/p>\n\n\n\n<p class=\"has-ast-global-color-4-color has-text-color has-link-color wp-elements-884fecca8ab71d836886c902ff3ce22b\">Ou seja, os materiais submetidos no Edital Multi\u00e1reas s\u00e3o publicados com o selo <em>editora<\/em><strong>UEA<\/strong>. As obras ser\u00e3o apreciadas com a publica\u00e7\u00e3o impressa, executadas com recursos oriundos da Universidade do Estado do Amazonas (UEA).<\/p>\n\n\n\n<div style=\"height:21px\" aria-hidden=\"true\" class=\"wp-block-spacer\"><\/div>\n\n\n\n<div class=\"wp-block-buttons is-layout-flex wp-block-buttons-is-layout-flex\">\n<div class=\"wp-block-button is-style-primary\"><a class=\"wp-block-button__link wp-element-button\">Saiba mais<\/a><\/div>\n<\/div>\n<\/div>\n<\/div><\/div>\n\n\n\n<div style=\"height:100px\" aria-hidden=\"true\" class=\"wp-block-spacer\"><\/div>\n\n\n\n<p><\/p>\n","protected":false},"excerpt":{"rendered":"<p>A editoraUEA tem aceitado submiss\u00f5es por meio de editais que visam propagar o conhecimento cient\u00edfico e cultural desenvolvido no Amazonas. Abaixo, voc\u00ea pode se informar a respeito das possibilidades de submiss\u00e3o e suas devidas regras.<\/p>\n","protected":false},"author":1,"featured_media":0,"parent":0,"menu_order":0,"comment_status":"closed","ping_status":"closed","template":"","meta":{"om_disable_all_campaigns":false,"_uag_custom_page_level_css":"","_monsterinsights_skip_tracking":false,"_monsterinsights_sitenote_active":false,"_monsterinsights_sitenote_note":"","_monsterinsights_sitenote_category":0,"site-sidebar-layout":"default","site-content-layout":"","ast-site-content-layout":"default","site-content-style":"default","site-sidebar-style":"default","ast-global-header-display":"","ast-banner-title-visibility":"","ast-main-header-display":"","ast-hfb-above-header-display":"","ast-hfb-below-header-display":"","ast-hfb-mobile-header-display":"","site-post-title":"","ast-breadcrumbs-content":"","ast-featured-img":"","footer-sml-layout":"","theme-transparent-header-meta":"","adv-header-id-meta":"","stick-header-meta":"","header-above-stick-meta":"","header-main-stick-meta":"","header-below-stick-meta":"","astra-migrate-meta-layouts":"set","ast-page-background-enabled":"default","ast-page-background-meta":{"desktop":{"background-color":"var(--ast-global-color-4)","background-image":"","background-repeat":"repeat","background-position":"center center","background-size":"auto","background-attachment":"scroll","background-type":"","background-media":"","overlay-type":"","overlay-color":"","overlay-gradient":""},"tablet":{"background-color":"","background-image":"","background-repeat":"repeat","background-position":"center center","background-size":"auto","background-attachment":"scroll","background-type":"","background-media":"","overlay-type":"","overlay-color":"","overlay-gradient":""},"mobile":{"background-color":"","background-image":"","background-repeat":"repeat","background-position":"center center","background-size":"auto","background-attachment":"scroll","background-type":"","background-media":"","overlay-type":"","overlay-color":"","overlay-gradient":""}},"ast-content-background-meta":{"desktop":{"background-color":"var(--ast-global-color-5)","background-image":"","background-repeat":"repeat","background-position":"center center","background-size":"auto","background-attachment":"scroll","background-type":"","background-media":"","overlay-type":"","overlay-color":"","overlay-gradient":""},"tablet":{"background-color":"var(--ast-global-color-5)","background-image":"","background-repeat":"repeat","background-position":"center center","background-size":"auto","background-attachment":"scroll","background-type":"","background-media":"","overlay-type":"","overlay-color":"","overlay-gradient":""},"mobile":{"background-color":"var(--ast-global-color-5)","background-image":"","background-repeat":"repeat","background-position":"center center","background-size":"auto","background-attachment":"scroll","background-type":"","background-media":"","overlay-type":"","overlay-color":"","overlay-gradient":""}},"_themeisle_gutenberg_block_has_review":false,"footnotes":""},"aioseo_notices":[],"uagb_featured_image_src":{"full":false,"thumbnail":false,"medium":false,"medium_large":false,"large":false,"1536x1536":false,"2048x2048":false,"codesigner-thumb":false,"woocommerce_thumbnail":false,"woocommerce_single":false,"woocommerce_gallery_thumbnail":false},"uagb_author_info":{"display_name":"editora","author_link":"https:\/\/editora.uea.edu.br\/?author=1"},"uagb_comment_info":0,"uagb_excerpt":"A editoraUEA tem aceitado submiss\u00f5es por meio de editais que visam propagar o conhecimento cient\u00edfico e cultural desenvolvido no Amazonas. Abaixo, voc\u00ea pode se informar a respeito das possibilidades de submiss\u00e3o e suas devidas regras.","_links":{"self":[{"href":"https:\/\/editora.uea.edu.br\/index.php?rest_route=\/wp\/v2\/pages\/71"}],"collection":[{"href":"https:\/\/editora.uea.edu.br\/index.php?rest_route=\/wp\/v2\/pages"}],"about":[{"href":"https:\/\/editora.uea.edu.br\/index.php?rest_route=\/wp\/v2\/types\/page"}],"author":[{"embeddable":true,"href":"https:\/\/editora.uea.edu.br\/index.php?rest_route=\/wp\/v2\/users\/1"}],"replies":[{"embeddable":true,"href":"https:\/\/editora.uea.edu.br\/index.php?rest_route=%2Fwp%2Fv2%2Fcomments&post=71"}],"version-history":[{"count":33,"href":"https:\/\/editora.uea.edu.br\/index.php?rest_route=\/wp\/v2\/pages\/71\/revisions"}],"predecessor-version":[{"id":2049,"href":"https:\/\/editora.uea.edu.br\/index.php?rest_route=\/wp\/v2\/pages\/71\/revisions\/2049"}],"wp:attachment":[{"href":"https:\/\/editora.uea.edu.br\/index.php?rest_route=%2Fwp%2Fv2%2Fmedia&parent=71"}],"curies":[{"name":"wp","href":"https:\/\/api.w.org\/{rel}","templated":true}]}}